{"id":11,"date":"2022-10-18T12:21:28","date_gmt":"2022-10-18T12:21:28","guid":{"rendered":"https:\/\/laurasaleh.de\/?page_id=11"},"modified":"2022-10-18T15:59:11","modified_gmt":"2022-10-18T15:59:11","slug":"datenschutzerklaerung","status":"publish","type":"page","link":"https:\/\/laurasaleh.de\/?page_id=11","title":{"rendered":"Datenschutzerkl\u00e4rung"},"content":{"rendered":"<p>[et_pb_section fb_built=&#8220;1&#8243; _builder_version=&#8220;4.17.6&#8243; _module_preset=&#8220;default&#8220; global_colors_info=&#8220;{}&#8220;][et_pb_row _builder_version=&#8220;4.17.6&#8243; _module_preset=&#8220;default&#8220; global_colors_info=&#8220;{}&#8220;][et_pb_column type=&#8220;4_4&#8243; _builder_version=&#8220;4.17.6&#8243; _module_preset=&#8220;default&#8220; global_colors_info=&#8220;{}&#8220;][et_pb_text _builder_version=&#8220;4.17.6&#8243; _module_preset=&#8220;default&#8220; global_colors_info=&#8220;{}&#8220;]<\/p>\n<div class=\"one_line_col\">\n<h2 id=\"owner_of_the_data\">Anbieter und Verantwortlicher<\/h2>\n<p>Laura Saleh<br \/>Hannover<\/p>\n<p><strong>E-Mail-Adresse des Anbieters:<\/strong> <a href=\"mailto:laura@laurasaleh.de\">laura@laurasaleh.de<\/a><\/p>\n<p>&nbsp;<\/p>\n<\/div>\n<div class=\"one_line_col\">\n<h2 id=\"types_of_data\">Arten der erhobenen Daten<\/h2>\n<p>Zu den personenbezogenen Daten, die diese Website selbstst\u00e4ndig oder durch Dritte verarbeitet, geh\u00f6ren: Cookie; Nutzungsdaten; verschiedene Datenarten; W\u00e4hrend der Nutzung des Dienstes \u00fcbermittelte Daten; Vorname; Nachname; Geschlecht; Telefonnummer; Name des Unternehmens; Beruf; Adresse; E-Mail; Postleitzahl; Stadt; Antworten auf Fragen; Klicks; Tastenanschl\u00e4ge; Aufzeichnungen des Bewegungssensors; Bewegungen der Maus; Scrollposition; Touch Events.<\/p>\n<p>Vollst\u00e4ndige Details zu jeder Art von verarbeiteten personenbezogenen Daten werden in den daf\u00fcr vorgesehenen Abschnitten dieser Datenschutzerkl\u00e4rung oder punktuell durch Erkl\u00e4rungstexte bereitgestellt, die vor der Datenerhebung angezeigt werden.<br \/>Personenbezogene Daten k\u00f6nnen vom Nutzer freiwillig angegeben oder, im Falle von Nutzungsdaten, automatisch erhoben werden, wenn diese Website genutzt wird.<br \/>Sofern nicht anders angegeben, ist die Angabe aller durch diese Website angeforderten Daten obligatorisch. Weigert sich der Nutzer, die Daten anzugeben, kann dies dazu f\u00fchren, dass diese Website dem Nutzer ihre Dienste nicht zur Verf\u00fcgung stellen kann. In F\u00e4llen, in denen diese Website die Angabe personenbezogener Daten ausdr\u00fccklich als freiwillig bezeichnet, d\u00fcrfen sich die Nutzer daf\u00fcr entscheiden, diese Daten ohne jegliche Folgen f\u00fcr die Verf\u00fcgbarkeit oder die Funktionsf\u00e4higkeit des Dienstes nicht anzugeben.<br \/>Nutzer, die sich dar\u00fcber im Unklaren sind, welche personenbezogenen Daten obligatorisch sind, k\u00f6nnen sich an den Anbieter wenden.<br \/>Jegliche Verwendung von Cookies \u2013 oder anderer Tracking-Tools \u2013 durch diese Website oder Anbieter von Drittdiensten, die durch diese Website eingesetzt werden, dient dem Zweck, den vom Nutzer gew\u00fcnschten Dienst zu erbringen, und allen anderen Zwecken, die im vorliegenden Dokument und, falls vorhanden, in der Cookie-Richtlinie beschrieben sind.<\/p>\n<p>Die Nutzer sind f\u00fcr alle personenbezogenen Daten Dritter verantwortlich, die durch diese Website beschafft, ver\u00f6ffentlicht oder weitergegeben werden, und best\u00e4tigen, dass sie die Zustimmung zur \u00dcbermittlung personenbezogener Daten etwaiger Dritter an diese Website eingeholt haben.<\/p>\n<p>&nbsp;<\/p>\n<\/div>\n<div class=\"one_line_col\">\n<h2 id=\"place_of_processing\">Art und Ort der Datenverarbeitung<\/h2>\n<p><span style=\"color: #333333; font-size: 22px;\">Verarbeitungsmethoden<\/span><\/p>\n<p>Der Anbieter verarbeitet die Nutzerdaten auf ordnungsgem\u00e4\u00dfe Weise und ergreift angemessene Sicherheitsma\u00dfnahmen, um den unbefugten Zugriff und die unbefugte Weiterleitung, Ver\u00e4nderung oder Vernichtung von Daten zu vermeiden.<br \/>Die Datenverarbeitung wird mittels Computern oder IT-basierten Systemen nach organisatorischen Verfahren und Verfahrensweisen durchgef\u00fchrt, die gezielt auf die angegebenen Zwecke abstellen. Zus\u00e4tzlich zum Verantwortlichen k\u00f6nnten auch andere Personen intern (Personalverwaltung, Vertrieb, Marketing, Rechtsabteilung, Systemadministratoren) oder extern \u2013 und in dem Fall soweit erforderlich, vom Verantwortlichen als Auftragsverarbeiter benannt (wie Anbieter technischer Dienstleistungen, Zustellunternehmen, Hosting-Anbieter, IT-Unternehmen oder Kommunikationsagenturen) &#8211; diese Website betreiben und damit Zugriff auf die Daten haben. Eine aktuelle Liste dieser Beteiligten kann jederzeit vom Anbieter verlangt werden.<\/p>\n<h3>Rechtsgrundlagen der Verarbeitung<\/h3>\n<p>Der Anbieter darf personenbezogene Daten von Nutzern nur dann verarbeiten, wenn einer der folgenden Punkte zutrifft:<\/p>\n<ul>\n<li>Die Nutzer haben ihre Einwilligung f\u00fcr einen oder mehrere bestimmte Zwecke erteilt. Hinweis: In einigen Gesetzgebungen kann es dem Anbieter gestattet sein, personenbezogene Daten zu verarbeiten, bis der Nutzer einer solchen Verarbeitung widerspricht (\u201eOpt-out\u201c), ohne sich auf die Einwilligung oder eine andere der folgenden Rechtsgrundlagen verlassen zu m\u00fcssen. Dies gilt jedoch nicht, wenn die Verarbeitung personenbezogener Daten dem europ\u00e4ischen Datenschutzrecht unterliegt;<\/li>\n<li>die Datenerhebung ist f\u00fcr die Erf\u00fcllung eines Vertrages mit dem Nutzer und\/oder f\u00fcr vorvertragliche Ma\u00dfnahmen daraus erforderlich;<\/li>\n<li>die Verarbeitung ist f\u00fcr die Erf\u00fcllung einer rechtlichen Verpflichtung, der der Anbieter unterliegt, erforderlich;<\/li>\n<li>die Verarbeitung steht im Zusammenhang mit einer Aufgabe, die im \u00f6ffentlichen Interesse oder in Aus\u00fcbung hoheitlicher Befugnisse, die dem Anbieter \u00fcbertragen wurden, durchgef\u00fchrt wird;<\/li>\n<li>die Verarbeitung ist zur Wahrung der berechtigten Interessen des Anbieters oder eines Dritten erforderlich.<\/li>\n<\/ul>\n<p>In jedem Fall erteilt der Anbieter gerne Auskunft \u00fcber die konkrete Rechtsgrundlage, auf der die Verarbeitung beruht, insbesondere dar\u00fcber, ob die Angabe personenbezogener Daten eine gesetzliche oder vertragliche Verpflichtung oder eine Voraussetzung f\u00fcr den Abschluss eines Vertrages ist.<\/p>\n<h3>Ort<\/h3>\n<p>Die Daten werden in der Niederlassung des Anbieters und an allen anderen Orten, an denen sich die an der Datenverarbeitung beteiligten Stellen befinden, verarbeitet.<\/p>\n<p>Je nach Standort der Nutzer k\u00f6nnen Daten\u00fcbertragungen die \u00dcbertragung der Daten des Nutzers in ein anderes Land als das eigene beinhalten. Um mehr \u00fcber den Ort der Verarbeitung der \u00fcbermittelten Daten zu erfahren, k\u00f6nnen die Nutzer den Abschnitt mit den ausf\u00fchrlichen Angaben zur Verarbeitung der personenbezogenen Daten konsultieren.<\/p>\n<p>Die Nutzer haben auch das Recht, sich \u00fcber die Rechtsgrundlage der Daten\u00fcbermittlung in ein Land au\u00dferhalb der Europ\u00e4ischen Union oder an eine internationale Organisation, die dem V\u00f6lkerrecht unterliegt oder von zwei oder mehr L\u00e4ndern gegr\u00fcndet wurde, wie beispielsweise die UNO, sowie sich \u00fcber die vom Anbieter ergriffenen Sicherheitsma\u00dfnahmen zum Schutz ihrer Daten aufkl\u00e4ren zu lassen.<\/p>\n<p>Wenn eine solche \u00dcbermittlung stattfindet, kann der Nutzer mehr dar\u00fcber erfahren, indem er die entsprechenden Abschnitte dieses Dokuments \u00fcberpr\u00fcft oder sich mit dem Anbieter \u00fcber die im Kontaktteil angegebenen Informationen in Verbindung setzt.<\/p>\n<h3>Speicherdauer<\/h3>\n<p>Personenbezogene Daten werden so lange verarbeitet und gespeichert, wie es der Zweck erfordert, zu dem sie erhoben wurden.<\/p>\n<p>Daher gilt:<\/p>\n<ul>\n<li>Personenbezogene Daten, die zu Zwecken der Erf\u00fcllung eines zwischen dem Anbieter und dem Nutzer geschlossenen Vertrages erhoben werden, werden bis zur vollst\u00e4ndigen Erf\u00fcllung dieses Vertrages gespeichert.<\/li>\n<li>Personenbezogene Daten, die zur Wahrung der berechtigten Interessen des Anbieters erhoben werden, werden so lange aufbewahrt, wie es zur Erf\u00fcllung dieser Zwecke erforderlich ist. Nutzer k\u00f6nnen n\u00e4here Informationen \u00fcber die berechtigten Interessen des Anbieters in den entsprechenden Abschnitten dieses Dokuments oder durch Kontaktaufnahme zum Anbieter erhalten.<\/li>\n<\/ul>\n<p>Dar\u00fcber hinaus ist es dem Anbieter gestattet, personenbezogene Daten f\u00fcr einen l\u00e4ngeren Zeitraum zu speichern, wenn der Nutzer in eine solche Verarbeitung eingewilligt hat, solange die Einwilligung nicht widerrufen wird. Dar\u00fcber hinaus kann der Anbieter verpflichtet sein, personenbezogene Daten f\u00fcr einen l\u00e4ngeren Zeitraum aufzubewahren, wenn dies zur Erf\u00fcllung einer gesetzlichen Verpflichtung oder auf Anordnung einer Beh\u00f6rde erforderlich ist.<\/p>\n<p>Nach Ablauf der Aufbewahrungsfrist werden personenbezogene Daten gel\u00f6scht. Daher k\u00f6nnen das Auskunftsrecht, das Recht auf L\u00f6schung, das Recht auf Berichtigung und das Recht auf Daten\u00fcbertragbarkeit nach Ablauf der Aufbewahrungsfrist nicht geltend gemacht werden.<\/p>\n<p>&nbsp;<\/p>\n<\/div>\n<div class=\"one_line_col\">\n<h2 id=\"use_collected_data\">Zwecke der Verarbeitung<\/h2>\n<p>Personenbezogene Daten \u00fcber den Nutzer werden erhoben, damit der Anbieter den Dienst erbringen und des Weiteren seinen gesetzlichen Verpflichtungen nachkommen, auf Durchsetzungsforderungen reagieren, seine Rechte und Interessen (oder die der Nutzer oder Dritter) sch\u00fctzen, b\u00f6swillige oder betr\u00fcgerische Aktivit\u00e4ten aufdecken kann. Dar\u00fcber hinaus werden Daten zu folgenden Zwecken erhoben: Analytik, Anzeigen von Inhalten externer Plattformen, Tag-Verwaltung, Daten\u00fcbermittlung au\u00dferhalb der EU, Hosting und Backend-Infrastruktur, Kontaktieren des Nutzers, Erfassung von datenschutzbezogenen Pr\u00e4ferenzen und SPAM-Schutz.<\/p>\n<p>Nutzer k\u00f6nnen im Abschnitt \u201cAusf\u00fchrliche Angaben \u00fcber die Verarbeitung personenbezogener Daten\u201d dieses Dokuments weitere detaillierte Informationen zu diesen Verarbeitungszwecken und die zu den f\u00fcr den jeweiligen Zweck verwendeten personenbezogenen Daten vorfinden.<\/p>\n<\/div>\n<p>[\/et_pb_text][\/et_pb_column][\/et_pb_row][\/et_pb_section]<\/p>\n","protected":false},"excerpt":{"rendered":"<p>Anbieter und Verantwortlicher Laura SalehHannover E-Mail-Adresse des Anbieters: laura@laurasaleh.de &nbsp; Arten der erhobenen Daten Zu den personenbezogenen Daten, die diese Website selbstst\u00e4ndig oder durch Dritte verarbeitet, geh\u00f6ren: Cookie; Nutzungsdaten; verschiedene Datenarten; W\u00e4hrend der Nutzung des Dienstes \u00fcbermittelte Daten; Vorname; Nachname; Geschlecht; Telefonnummer; Name des Unternehmens; Beruf; Adresse; E-Mail; Postleitzahl; Stadt; Antworten auf Fragen; Klicks; Tastenanschl\u00e4ge; [&hellip;]<\/p>\n","protected":false},"author":1,"featured_media":0,"parent":0,"menu_order":0,"comment_status":"closed","ping_status":"closed","template":"","meta":{"_et_pb_use_builder":"on","_et_pb_old_content":"","_et_gb_content_width":"","footnotes":""},"class_list":["post-11","page","type-page","status-publish","hentry"],"_links":{"self":[{"href":"https:\/\/laurasaleh.de\/index.php?rest_route=\/wp\/v2\/pages\/11","targetHints":{"allow":["GET"]}}],"collection":[{"href":"https:\/\/laurasaleh.de\/index.php?rest_route=\/wp\/v2\/pages"}],"about":[{"href":"https:\/\/laurasaleh.de\/index.php?rest_route=\/wp\/v2\/types\/page"}],"author":[{"embeddable":true,"href":"https:\/\/laurasaleh.de\/index.php?rest_route=\/wp\/v2\/users\/1"}],"replies":[{"embeddable":true,"href":"https:\/\/laurasaleh.de\/index.php?rest_route=%2Fwp%2Fv2%2Fcomments&post=11"}],"version-history":[{"count":0,"href":"https:\/\/laurasaleh.de\/index.php?rest_route=\/wp\/v2\/pages\/11\/revisions"}],"wp:attachment":[{"href":"https:\/\/laurasaleh.de\/index.php?rest_route=%2Fwp%2Fv2%2Fmedia&parent=11"}],"curies":[{"name":"wp","href":"https:\/\/api.w.org\/{rel}","templated":true}]}}